{"id":175,"date":"2025-06-22T18:54:53","date_gmt":"2025-06-22T18:54:53","guid":{"rendered":"https:\/\/totaleoffensive-bvb09.de\/wordpress\/?page_id=175"},"modified":"2025-06-23T08:24:58","modified_gmt":"2025-06-23T08:24:58","slug":"kalender","status":"publish","type":"page","link":"https:\/\/totaleoffensive-bvb09.de\/wordpress\/index.php\/kalender\/","title":{"rendered":"Kalender"},"content":{"rendered":"\n<div class=\"wp-block-group has-border-color has-global-padding is-layout-constrained wp-container-core-group-is-layout-665f35a3 wp-block-group-is-layout-constrained\" style=\"border-color:#f8e405;border-width:1px;border-radius:7px;margin-top:0;margin-bottom:0;padding-top:var(--wp--preset--spacing--30);padding-right:var(--wp--preset--spacing--30);padding-bottom:var(--wp--preset--spacing--30);padding-left:var(--wp--preset--spacing--30)\"><div class=\"wp-block-jetpack-google-calendar\"><iframe loading=\"lazy\" src=\"https:\/\/calendar.google.com\/calendar\/embed?height=600&#038;wkst=2&#038;ctz=Europe%2FBerlin&#038;src=NzJnNzU3M2U0NjM0bjFma25yZzdncGM1MzRAZ3JvdXAuY2FsZW5kYXIuZ29vZ2xlLmNvbQ&#038;src=ZTE2cW4xaWY5Nm9zcmgxYmVrc2ZrczZyYzBAZ3JvdXAuY2FsZW5kYXIuZ29vZ2xlLmNvbQ&#038;src=ZDdwOGlkanVwZDdhaDEwb2xocmJlc21hNzd1Z2tybXRAaW1wb3J0LmNhbGVuZGFyLmdvb2dsZS5jb20&#038;color=%23f09300&#038;color=%23e4c441&#038;color=%234285f4\" frameborder=\"0\" style=\"border:0\" scrolling=\"no\" height=\"600\" width=\"100%\" sandbox=\"allow-scripts allow-same-origin allow-popups\"><\/iframe><\/div><\/div>\n\n\n\n<hr class=\"wp-block-separator has-alpha-channel-opacity\"\/>\n\n\n\n<div class=\"wp-block-group has-global-padding is-layout-constrained wp-block-group-is-layout-constrained\"><\/div>\n\n\n\n<div class=\"wp-block-group has-global-padding is-layout-constrained wp-block-group-is-layout-constrained\">\n<hr class=\"wp-block-separator has-alpha-channel-opacity\"\/>\n<\/div>\n\n\n\n<div class=\"wp-block-group has-global-padding is-layout-constrained wp-block-group-is-layout-constrained\">\n<h3 class=\"wp-block-heading has-text-align-center\">Neueste Beitr\u00e4ge<\/h3>\n<\/div>\n\n\n\n<hr class=\"wp-block-separator has-alpha-channel-opacity\"\/>\n\n\n\n<div class=\"wp-block-group has-global-padding is-layout-constrained wp-block-group-is-layout-constrained\"><ul class=\"wp-block-latest-posts__list has-dates wp-block-latest-posts\"><li><div class=\"wp-block-latest-posts__featured-image alignleft\"><img loading=\"lazy\" decoding=\"async\" width=\"150\" height=\"150\" src=\"https:\/\/totaleoffensive-bvb09.de\/wordpress\/wp-content\/uploads\/2026\/03\/Einladung-66-1-e1774962777927-150x150.png\" class=\"attachment-thumbnail size-thumbnail wp-post-image\" alt=\"\" style=\"max-width:75px;max-height:75px;\" \/><\/div><a class=\"wp-block-latest-posts__post-title\" href=\"https:\/\/totaleoffensive-bvb09.de\/wordpress\/index.php\/2026\/03\/31\/die-helden-von-66-ein-abend-zu-ehren-der-legenden-von-1966\/\">Die Helden von 66<\/a><time datetime=\"2026-03-31T13:29:37+00:00\" class=\"wp-block-latest-posts__post-date\">M\u00e4rz 31, 2026<\/time><\/li>\n<li><div class=\"wp-block-latest-posts__featured-image alignleft\"><img loading=\"lazy\" decoding=\"async\" width=\"150\" height=\"150\" src=\"https:\/\/totaleoffensive-bvb09.de\/wordpress\/wp-content\/uploads\/2025\/06\/IMG_20230527_152357-EDIT-2-150x150.jpg\" class=\"attachment-thumbnail size-thumbnail wp-post-image\" alt=\"\" style=\"max-width:75px;max-height:75px;\" \/><\/div><a class=\"wp-block-latest-posts__post-title\" href=\"https:\/\/totaleoffensive-bvb09.de\/wordpress\/index.php\/2025\/08\/23\/wir-starten-wieder-mit-dem-bvb-im-stern-im-norden\/\">Wir starten wieder mit dem BVB im Stern im Norden<\/a><time datetime=\"2025-08-23T11:37:09+00:00\" class=\"wp-block-latest-posts__post-date\">August 23, 2025<\/time><\/li>\n<li><div class=\"wp-block-latest-posts__featured-image alignleft\"><img loading=\"lazy\" decoding=\"async\" width=\"150\" height=\"150\" src=\"https:\/\/totaleoffensive-bvb09.de\/wordpress\/wp-content\/uploads\/2025\/06\/IMG_20190518_154650-PANO-150x150.jpg\" class=\"attachment-thumbnail size-thumbnail wp-post-image\" alt=\"\" style=\"max-width:75px;max-height:75px;\" \/><\/div><a class=\"wp-block-latest-posts__post-title\" href=\"https:\/\/totaleoffensive-bvb09.de\/wordpress\/index.php\/2025\/06\/16\/die-to-hat-sommerpause\/\">Die TO hat Sommerpause<\/a><time datetime=\"2025-06-16T20:59:35+00:00\" class=\"wp-block-latest-posts__post-date\">Juni 16, 2025<\/time><\/li>\n<\/ul>\n\n\n<hr class=\"wp-block-separator has-alpha-channel-opacity\"\/>\n<\/div>\n\n\n\n<hr class=\"wp-block-separator has-alpha-channel-opacity\"\/>\n\n\n\n<hr class=\"wp-block-separator has-alpha-channel-opacity\"\/>\n","protected":false},"excerpt":{"rendered":"<p>Neueste Beitr\u00e4ge<\/p>\n","protected":false},"author":1,"featured_media":0,"parent":0,"menu_order":0,"comment_status":"closed","ping_status":"closed","template":"","meta":{"footnotes":""},"class_list":["post-175","page","type-page","status-publish","hentry"],"yoast_head":"<!-- This site is optimized with the Yoast SEO plugin v27.3 - https:\/\/yoast.com\/product\/yoast-seo-wordpress\/ -->\n<title>Kalender - Totale Offensive BVB 09 e.V.<\/title>\n<meta name=\"robots\" content=\"index, follow, max-snippet:-1, max-image-preview:large, max-video-preview:-1\" \/>\n<link rel=\"canonical\" href=\"https:\/\/totaleoffensive-bvb09.de\/wordpress\/index.php\/kalender\/\" \/>\n<meta property=\"og:locale\" content=\"de_DE\" \/>\n<meta property=\"og:type\" content=\"article\" \/>\n<meta property=\"og:title\" content=\"Kalender - Totale Offensive BVB 09 e.V.\" \/>\n<meta property=\"og:description\" content=\"Neueste Beitr\u00e4ge\" \/>\n<meta property=\"og:url\" content=\"https:\/\/totaleoffensive-bvb09.de\/wordpress\/index.php\/kalender\/\" \/>\n<meta property=\"og:site_name\" content=\"Totale Offensive BVB 09 e.V.\" \/>\n<meta property=\"article:publisher\" content=\"https:\/\/www.facebook.com\/tobvb\" \/>\n<meta property=\"article:modified_time\" content=\"2025-06-23T08:24:58+00:00\" \/>\n<meta name=\"twitter:card\" content=\"summary_large_image\" \/>\n<meta name=\"twitter:site\" content=\"@TO_BVB\" \/>\n<meta name=\"twitter:label1\" content=\"Gesch\u00e4tzte Lesezeit\" \/>\n\t<meta name=\"twitter:data1\" content=\"1\u00a0Minute\" \/>\n<script type=\"application\/ld+json\" class=\"yoast-schema-graph\">{\"@context\":\"https:\\\/\\\/schema.org\",\"@graph\":[{\"@type\":\"WebPage\",\"@id\":\"https:\\\/\\\/totaleoffensive-bvb09.de\\\/wordpress\\\/index.php\\\/kalender\\\/\",\"url\":\"https:\\\/\\\/totaleoffensive-bvb09.de\\\/wordpress\\\/index.php\\\/kalender\\\/\",\"name\":\"Kalender - Totale Offensive BVB 09 e.V.\",\"isPartOf\":{\"@id\":\"https:\\\/\\\/totaleoffensive-bvb09.de\\\/wordpress\\\/#website\"},\"datePublished\":\"2025-06-22T18:54:53+00:00\",\"dateModified\":\"2025-06-23T08:24:58+00:00\",\"breadcrumb\":{\"@id\":\"https:\\\/\\\/totaleoffensive-bvb09.de\\\/wordpress\\\/index.php\\\/kalender\\\/#breadcrumb\"},\"inLanguage\":\"de\",\"potentialAction\":[{\"@type\":\"ReadAction\",\"target\":[\"https:\\\/\\\/totaleoffensive-bvb09.de\\\/wordpress\\\/index.php\\\/kalender\\\/\"]}]},{\"@type\":\"BreadcrumbList\",\"@id\":\"https:\\\/\\\/totaleoffensive-bvb09.de\\\/wordpress\\\/index.php\\\/kalender\\\/#breadcrumb\",\"itemListElement\":[{\"@type\":\"ListItem\",\"position\":1,\"name\":\"Startseite\",\"item\":\"https:\\\/\\\/totaleoffensive-bvb09.de\\\/wordpress\\\/\"},{\"@type\":\"ListItem\",\"position\":2,\"name\":\"Kalender\"}]},{\"@type\":\"WebSite\",\"@id\":\"https:\\\/\\\/totaleoffensive-bvb09.de\\\/wordpress\\\/#website\",\"url\":\"https:\\\/\\\/totaleoffensive-bvb09.de\\\/wordpress\\\/\",\"name\":\"Totale Offensive BVB 09 e.V.\",\"description\":\"christlicher Fanclub von Borussia Dortmund, fussball, christlich, fanclub, bvb 09, lebenshilfe, kostenlose \u00dcbertragung der BVB Spiele auf Gro\u00dfleinwand, familiengerecht, kein Alkoholausschank, gemeinsame Ausw\u00e4rtsfahrten\",\"publisher\":{\"@id\":\"https:\\\/\\\/totaleoffensive-bvb09.de\\\/wordpress\\\/#organization\"},\"potentialAction\":[{\"@type\":\"SearchAction\",\"target\":{\"@type\":\"EntryPoint\",\"urlTemplate\":\"https:\\\/\\\/totaleoffensive-bvb09.de\\\/wordpress\\\/?s={search_term_string}\"},\"query-input\":{\"@type\":\"PropertyValueSpecification\",\"valueRequired\":true,\"valueName\":\"search_term_string\"}}],\"inLanguage\":\"de\"},{\"@type\":\"Organization\",\"@id\":\"https:\\\/\\\/totaleoffensive-bvb09.de\\\/wordpress\\\/#organization\",\"name\":\"Totale Offensive BVB 09 e.V.\",\"url\":\"https:\\\/\\\/totaleoffensive-bvb09.de\\\/wordpress\\\/\",\"logo\":{\"@type\":\"ImageObject\",\"inLanguage\":\"de\",\"@id\":\"https:\\\/\\\/totaleoffensive-bvb09.de\\\/wordpress\\\/#\\\/schema\\\/logo\\\/image\\\/\",\"url\":\"https:\\\/\\\/i0.wp.com\\\/totaleoffensive-bvb09.de\\\/wordpress\\\/wp-content\\\/uploads\\\/2025\\\/06\\\/to-dortmund_logoFahne220811klein-1-1-scaled.jpg?fit=2560%2C1920&ssl=1\",\"contentUrl\":\"https:\\\/\\\/i0.wp.com\\\/totaleoffensive-bvb09.de\\\/wordpress\\\/wp-content\\\/uploads\\\/2025\\\/06\\\/to-dortmund_logoFahne220811klein-1-1-scaled.jpg?fit=2560%2C1920&ssl=1\",\"width\":2560,\"height\":1920,\"caption\":\"Totale Offensive BVB 09 e.V.\"},\"image\":{\"@id\":\"https:\\\/\\\/totaleoffensive-bvb09.de\\\/wordpress\\\/#\\\/schema\\\/logo\\\/image\\\/\"},\"sameAs\":[\"https:\\\/\\\/www.facebook.com\\\/tobvb\",\"https:\\\/\\\/x.com\\\/TO_BVB\",\"https:\\\/\\\/www.whatsapp.com\\\/channel\\\/0029VazcYec8V0tmZtS9TP3P\"]}]}<\/script>\n<!-- \/ Yoast SEO plugin. -->","yoast_head_json":{"title":"Kalender - Totale Offensive BVB 09 e.V.","robots":{"index":"index","follow":"follow","max-snippet":"max-snippet:-1","max-image-preview":"max-image-preview:large","max-video-preview":"max-video-preview:-1"},"canonical":"https:\/\/totaleoffensive-bvb09.de\/wordpress\/index.php\/kalender\/","og_locale":"de_DE","og_type":"article","og_title":"Kalender - Totale Offensive BVB 09 e.V.","og_description":"Neueste Beitr\u00e4ge","og_url":"https:\/\/totaleoffensive-bvb09.de\/wordpress\/index.php\/kalender\/","og_site_name":"Totale Offensive BVB 09 e.V.","article_publisher":"https:\/\/www.facebook.com\/tobvb","article_modified_time":"2025-06-23T08:24:58+00:00","twitter_card":"summary_large_image","twitter_site":"@TO_BVB","twitter_misc":{"Gesch\u00e4tzte Lesezeit":"1\u00a0Minute"},"schema":{"@context":"https:\/\/schema.org","@graph":[{"@type":"WebPage","@id":"https:\/\/totaleoffensive-bvb09.de\/wordpress\/index.php\/kalender\/","url":"https:\/\/totaleoffensive-bvb09.de\/wordpress\/index.php\/kalender\/","name":"Kalender - Totale Offensive BVB 09 e.V.","isPartOf":{"@id":"https:\/\/totaleoffensive-bvb09.de\/wordpress\/#website"},"datePublished":"2025-06-22T18:54:53+00:00","dateModified":"2025-06-23T08:24:58+00:00","breadcrumb":{"@id":"https:\/\/totaleoffensive-bvb09.de\/wordpress\/index.php\/kalender\/#breadcrumb"},"inLanguage":"de","potentialAction":[{"@type":"ReadAction","target":["https:\/\/totaleoffensive-bvb09.de\/wordpress\/index.php\/kalender\/"]}]},{"@type":"BreadcrumbList","@id":"https:\/\/totaleoffensive-bvb09.de\/wordpress\/index.php\/kalender\/#breadcrumb","itemListElement":[{"@type":"ListItem","position":1,"name":"Startseite","item":"https:\/\/totaleoffensive-bvb09.de\/wordpress\/"},{"@type":"ListItem","position":2,"name":"Kalender"}]},{"@type":"WebSite","@id":"https:\/\/totaleoffensive-bvb09.de\/wordpress\/#website","url":"https:\/\/totaleoffensive-bvb09.de\/wordpress\/","name":"Totale Offensive BVB 09 e.V.","description":"christlicher Fanclub von Borussia Dortmund, fussball, christlich, fanclub, bvb 09, lebenshilfe, kostenlose \u00dcbertragung der BVB Spiele auf Gro\u00dfleinwand, familiengerecht, kein Alkoholausschank, gemeinsame Ausw\u00e4rtsfahrten","publisher":{"@id":"https:\/\/totaleoffensive-bvb09.de\/wordpress\/#organization"},"potentialAction":[{"@type":"SearchAction","target":{"@type":"EntryPoint","urlTemplate":"https:\/\/totaleoffensive-bvb09.de\/wordpress\/?s={search_term_string}"},"query-input":{"@type":"PropertyValueSpecification","valueRequired":true,"valueName":"search_term_string"}}],"inLanguage":"de"},{"@type":"Organization","@id":"https:\/\/totaleoffensive-bvb09.de\/wordpress\/#organization","name":"Totale Offensive BVB 09 e.V.","url":"https:\/\/totaleoffensive-bvb09.de\/wordpress\/","logo":{"@type":"ImageObject","inLanguage":"de","@id":"https:\/\/totaleoffensive-bvb09.de\/wordpress\/#\/schema\/logo\/image\/","url":"https:\/\/i0.wp.com\/totaleoffensive-bvb09.de\/wordpress\/wp-content\/uploads\/2025\/06\/to-dortmund_logoFahne220811klein-1-1-scaled.jpg?fit=2560%2C1920&ssl=1","contentUrl":"https:\/\/i0.wp.com\/totaleoffensive-bvb09.de\/wordpress\/wp-content\/uploads\/2025\/06\/to-dortmund_logoFahne220811klein-1-1-scaled.jpg?fit=2560%2C1920&ssl=1","width":2560,"height":1920,"caption":"Totale Offensive BVB 09 e.V."},"image":{"@id":"https:\/\/totaleoffensive-bvb09.de\/wordpress\/#\/schema\/logo\/image\/"},"sameAs":["https:\/\/www.facebook.com\/tobvb","https:\/\/x.com\/TO_BVB","https:\/\/www.whatsapp.com\/channel\/0029VazcYec8V0tmZtS9TP3P"]}]}},"jetpack_sharing_enabled":true,"_links":{"self":[{"href":"https:\/\/totaleoffensive-bvb09.de\/wordpress\/index.php\/wp-json\/wp\/v2\/pages\/175","targetHints":{"allow":["GET"]}}],"collection":[{"href":"https:\/\/totaleoffensive-bvb09.de\/wordpress\/index.php\/wp-json\/wp\/v2\/pages"}],"about":[{"href":"https:\/\/totaleoffensive-bvb09.de\/wordpress\/index.php\/wp-json\/wp\/v2\/types\/page"}],"author":[{"embeddable":true,"href":"https:\/\/totaleoffensive-bvb09.de\/wordpress\/index.php\/wp-json\/wp\/v2\/users\/1"}],"replies":[{"embeddable":true,"href":"https:\/\/totaleoffensive-bvb09.de\/wordpress\/index.php\/wp-json\/wp\/v2\/comments?post=175"}],"version-history":[{"count":35,"href":"https:\/\/totaleoffensive-bvb09.de\/wordpress\/index.php\/wp-json\/wp\/v2\/pages\/175\/revisions"}],"predecessor-version":[{"id":223,"href":"https:\/\/totaleoffensive-bvb09.de\/wordpress\/index.php\/wp-json\/wp\/v2\/pages\/175\/revisions\/223"}],"wp:attachment":[{"href":"https:\/\/totaleoffensive-bvb09.de\/wordpress\/index.php\/wp-json\/wp\/v2\/media?parent=175"}],"curies":[{"name":"wp","href":"https:\/\/api.w.org\/{rel}","templated":true}]}}