{"id":2,"date":"2025-06-16T20:59:35","date_gmt":"2025-06-16T20:59:35","guid":{"rendered":"https:\/\/totaleoffensive-bvb09.de\/wordpress\/?page_id=2"},"modified":"2025-06-20T16:32:49","modified_gmt":"2025-06-20T16:32:49","slug":"sample-page","status":"publish","type":"page","link":"https:\/\/totaleoffensive-bvb09.de\/wordpress\/index.php\/sample-page\/","title":{"rendered":"Konzept"},"content":{"rendered":"\n<p><\/p>\n\n\n\n<figure class=\"wp-block-image size-full\"><img loading=\"lazy\" decoding=\"async\" width=\"2560\" height=\"1406\" src=\"https:\/\/totaleoffensive-bvb09.de\/wordpress\/wp-content\/uploads\/2025\/06\/IMG_20211009_123611-scaled.jpg\" alt=\"\" class=\"wp-image-59\" srcset=\"https:\/\/totaleoffensive-bvb09.de\/wordpress\/wp-content\/uploads\/2025\/06\/IMG_20211009_123611-scaled.jpg 2560w, https:\/\/totaleoffensive-bvb09.de\/wordpress\/wp-content\/uploads\/2025\/06\/IMG_20211009_123611-300x165.jpg 300w, https:\/\/totaleoffensive-bvb09.de\/wordpress\/wp-content\/uploads\/2025\/06\/IMG_20211009_123611-1024x562.jpg 1024w, https:\/\/totaleoffensive-bvb09.de\/wordpress\/wp-content\/uploads\/2025\/06\/IMG_20211009_123611-768x422.jpg 768w, https:\/\/totaleoffensive-bvb09.de\/wordpress\/wp-content\/uploads\/2025\/06\/IMG_20211009_123611-1536x843.jpg 1536w, https:\/\/totaleoffensive-bvb09.de\/wordpress\/wp-content\/uploads\/2025\/06\/IMG_20211009_123611-2048x1125.jpg 2048w\" sizes=\"auto, (max-width: 2560px) 100vw, 2560px\" \/><\/figure>\n\n\n\n<h2 class=\"wp-block-heading has-text-align-center\">Konzept des Fan-Clubs<\/h2>\n\n\n\n<figure class=\"wp-block-table alignwide is-style-regular has-small-font-size\"><table class=\"has-accent-5-color has-custom-color-5-background-color has-text-color has-background has-link-color\"><thead><tr><th><strong>Heraus aus dem Abseits <\/strong><\/th><th><strong>Anpfiff zu einem neuen Lebensstil !<\/strong> <\/th><\/tr><\/thead><tbody><tr><td>Einige Fanclub-Mitglieder sind ehemals Betroffene und k\u00f6nnen Jugendlichen, die Schwierigkeiten im Umgang mit Suchtstoffen haben, eine erste Orientierung und weiter gehende Hilfestellung anbieten. <br><br>Wir wollen ihnen zeigen, dass es einen Weg gibt, der wegf\u00fchrt von zerst\u00f6rerischen Abh\u00e4ngigkeiten und erniedrigenden Fremdbestimmungen durch Suchtmittel, wie Tabletten, Alkohol und Drogen.<br><br>Jugendliche mit auff\u00e4lligen und aggressiven Verhaltensweisen m\u00f6chten wir unterst\u00fctzen einen neuen Weg einzuschlagen, und hinein f\u00fchren zu einem verantwortlichen Umgang mit sich selbst und ihren Mitmenschen.<br><br>Der Fanclub soll dabei der zentrale Anlaufpunkt sein, wo ehemalige Betroffene, Sozialarbeiter und soziale Einrichtungen helfen, diesen Jugendlichen Wege aufzuzeigen, um aus ihren Lebenskrisen heraus zu kommen. <br><br><strong>Training f\u00fcr ein ver\u00e4ndertes Leben<\/strong> Wir m\u00f6chten Jugendlichen helfen, sie aus ihrer Isolation herausf\u00fchren und ihnen eine neue Perspektive aufzeigen. Dazu ist es n\u00f6tig, bei entsprechender Bereitschaft, sich mit seinem Leben und seinem Lebensweg auseinander zu setzen und soweit wie n\u00f6tig, Konfliktl\u00f6sungs-Strategien f\u00fcr das eigene Leben zu entwickeln.<br><br>F\u00fcr diesen Zweck sind Mitglieder des Fanclubs bereit, die Betroffenen mit den sozialen und diakonischen Einrichtungen und Hilfsangeboten der Stadt und dessen Umfeld in Kontakt zu bringen und an den Stellen, wo es m\u00f6glich ist, selbst zu helfen und Verantwortung zu \u00fcbernehmen.<br><br>Nicht zuletzt sind es die diversen Angebote der nicht aufzuz\u00e4hlenden christlichen Gemeinschaften dieser Stadt und des Umlandes mit ihren unterschiedlichsten seelsorgerlichen und sozialen Hilfestellungs-Programmen.<br><br>Wir freuen uns, wenn Gemeindemitglieder aus m\u00f6glichst allen christlichen Kirchen und Werken Mitglied im BVB-Fanclub werden, damit wir zusammenstehen, das Engagement auf m\u00f6glichst viele Schultern verteilt wird und ein gro\u00dfes &#8222;christliches Netzwerk der Hilfe&#8220; rund um den BVB entstehen kann.<br><br>Durch ihre &#8222;Liebe zum BVB&#8220; sind viele Fanclub-Mitglieder und Interessenten schon seit Jahren \u00fcber die sozialen &#8222;Problemfelder&#8220;&nbsp; nicht nur beim BVB, sondern im&nbsp; Umfeld des&nbsp; Profifussballs allgemein, gestolpert.&nbsp;<br><br>Mit der Gr\u00fcndung der &#8222;Totalen Offensive BVB&#8220; m\u00f6chten wir diesen Problemfeldern&nbsp; mit offenen Augen und Herzen begegnen und nach M\u00f6glichkeiten suchen, den betroffenen Personen mit den unterschiedlichsten Angeboten zu helfen, wieder so Tritt zu fassen, dass sie ver\u00e4ndert werden und sich mit neuem Selbstbewusstsein den Anforderungen des Lebens wieder stellen zu k\u00f6nnen.<br><br><br>&nbsp;<\/td><td>Um wieder in ein gesundes soziales Umfeld zur\u00fcck zu finden,&nbsp; wollen wir Betroffenen gezielte Hilfe anbieten,&nbsp; um mit&nbsp; Unterst\u00fctzung&nbsp; der Mitglieder des Fanclubs&nbsp; und deren Gemeinden und Gemeinschaften&nbsp; wieder Tritt zu fassen&nbsp; und die Probleme des Alltages bew\u00e4ltigen zu k\u00f6nnen, z.B. bei:<br><br>&#8211; Arbeitslosigkeit<br>&#8211; Wohnungssuche\/Umz\u00fcgen<br>&#8211; famili\u00e4ren Konflikten.<br><br>Die Probleme und Auff\u00e4lligkeiten im Umgang mit Suchtstoffen oder der Gewaltbereitschaft sind fast immer <img decoding=\"async\" src=\"ftp:\/\/totaleoffensive-bvb09.de\/httpdocs\/images\/TO%20Grafik%201%20klein.JPG\" alt=\"\">Folge einer tieferen Sinnkrise.<br>Fragen wie: Wo komme ich her? Was mache ich zurzeit? Wozu bin ich da? Und wo m\u00f6chte ich hin? sind f\u00fcr viele Menschen nicht zufriedenstellend gekl\u00e4rt.<br><br>Auf diese Fragen gibt es in den christlichen Gemeinschaft unserer Stadt und dar\u00fcber hinaus gute Antworten.<br><br>Durch ein Zusammenleben in unserem BVB-Fanclub wollen wir ein Zeichen setzen, dass es auch anders geht: Weg vom Pessimismus, hin zu einer offensiven lebensbejahenden Einstellung zu sich selbst, seinem Umfeld und seinen augenblicklichen Umst\u00e4nden.<br><br>Der Fanclub wird zu diesem Zweck zus\u00e4tzlich zum zentralen Besuch der Sportveranstaltungen des BVB auch die verschiedensten Freizeitangebote anbieten, die wie folgt aussehen k\u00f6nnen:<br><br>&#8211; Freizeitsport-Turniere<br>&#8211; Musikevents<br>&#8211; Kinder- und Familientage<br>&#8211; Grillabende<br>&#8211; &#8230;&#8230;.<br><br>Diese Veranstaltungen k\u00f6nnen in unterschiedlichsten Kirchen und Gemeindeh\u00e4usern in Dortmund und Umgebung stattfinden.<br><br>Damit ist auch die&nbsp; Gestaltung des Freizeitbereiches ein weiteres wichtiges Anliegen des Fanclubs,&nbsp; um&nbsp; Menschen aus der Vereinsamung herauszuf\u00fchren.<br><br><\/td><\/tr><\/tbody><\/table><\/figure>\n\n\n\n<hr class=\"wp-block-separator has-alpha-channel-opacity\"\/>\n\n\n\n<figure class=\"wp-block-table alignwide has-small-font-size\"><table class=\"has-accent-5-color has-custom-color-5-background-color has-text-color has-background has-link-color has-fixed-layout\"><tbody><tr><td>Da die Sinnfrage des Lebens f\u00fcr jeden Menschen beantwortet werden muss und der fortschreitende Werteverlust den Ruf nach bleibenden Werten in der heutigen Gesellschaft immer lauter werden l\u00e4sst, m\u00f6chten wir mit unserem BVB-Fanclub die Antworten weitergeben, die uns geholfen haben, ein zufriedenes und gl\u00fcckliches Leben zu f\u00fchren.<br><br>Diese Antworten haben wir im christlichen Glauben gefunden, der unser Fundament bildet. Wir stehen mit gro\u00dfer Freude zu einem Lebensstil, der gewaltfrei und frei von Suchtmittel-Missbrauch ist und keinerlei Ausgrenzung zul\u00e4sst. Gerade die Schwachen bed\u00fcrfen der Hilfe des Starken. Nur wer einen festen Standpunkt einnimmt, kann auch die gr\u00f6\u00dfte Toleranz walten lassen.<br><br>Damit schwimmen wir gegen den Strom der Gesellschaft, so ist unser Logo ganz bewusst der &#8222;christliche Fisch&#8220; der gegen den Strom anschwimmt. Denn wir sind davon \u00fcberzeugt, dass man nur so zur Quelle eines wirklich gesunden und zufriedenen Lebens findet.<br><br>Wir haben uns als BVB-Fans zusammen gefunden und aus unserer sportlichen Leidenschaft f\u00fcr den BVB nunmehr die Vision f\u00fcr einen christlichen Fanclub mit sozialem Engagement entwickelt.<br><br>Wir hoffen, das sich aus dieser Initiative diverse Hilfsangebote entwickeln und dazu beitragen, mit neuen Ans\u00e4tzen die Probleme von Gewalt, Drogenmissbrauch und Vereinsamung zu l\u00f6sen und in dieser Stadt und weit dar\u00fcber hinaus damit ein Zeichen zu setzen.<br><br>Der BVB ist damit einer der Bundesligavereine, der auf ein solches soziales Hilfsangebot im Rahmen seiner Fan-Betreuung zur\u00fcckgreifen kann und wir hoffen, dass wir das Vertrauen des BVB gewinnen, in den kommenden Jahren eine gute Arbeit anzubieten, damit Jugendlichen grundlegend geholfen werden kann.<br><br>Schlie\u00dflich ist die Jugend dieses Landes unser aller Zukunft. Wir haben niemand anderes auf den wir menschlich bauen k\u00f6nnten.<br><\/td><\/tr><\/tbody><\/table><\/figure>\n\n\n\n<hr class=\"wp-block-separator has-alpha-channel-opacity\"\/>\n","protected":false},"excerpt":{"rendered":"<p>Konzept des Fan-Clubs Heraus aus dem Abseits Anpfiff zu einem neuen Lebensstil ! Einige Fanclub-Mitglieder sind ehemals Betroffene und k\u00f6nnen Jugendlichen, die Schwierigkeiten im Umgang mit Suchtstoffen haben, eine erste Orientierung und weiter gehende Hilfestellung anbieten. Wir wollen ihnen zeigen, dass es einen Weg gibt, der wegf\u00fchrt von zerst\u00f6rerischen Abh\u00e4ngigkeiten und erniedrigenden Fremdbestimmungen durch Suchtmittel, [&hellip;]<\/p>\n","protected":false},"author":1,"featured_media":55,"parent":0,"menu_order":0,"comment_status":"closed","ping_status":"closed","template":"page-no-title","meta":{"footnotes":""},"class_list":["post-2","page","type-page","status-publish","has-post-thumbnail","hentry"],"yoast_head":"<!-- This site is optimized with the Yoast SEO plugin v27.3 - https:\/\/yoast.com\/product\/yoast-seo-wordpress\/ -->\n<title>Konzept - Totale Offensive BVB 09 e.V.<\/title>\n<meta name=\"robots\" content=\"index, follow, max-snippet:-1, max-image-preview:large, max-video-preview:-1\" \/>\n<link rel=\"canonical\" href=\"https:\/\/totaleoffensive-bvb09.de\/wordpress\/index.php\/sample-page\/\" \/>\n<meta property=\"og:locale\" content=\"de_DE\" \/>\n<meta property=\"og:type\" content=\"article\" \/>\n<meta property=\"og:title\" content=\"Konzept - Totale Offensive BVB 09 e.V.\" \/>\n<meta property=\"og:description\" content=\"Konzept des Fan-Clubs Heraus aus dem Abseits Anpfiff zu einem neuen Lebensstil ! Einige Fanclub-Mitglieder sind ehemals Betroffene und k\u00f6nnen Jugendlichen, die Schwierigkeiten im Umgang mit Suchtstoffen haben, eine erste Orientierung und weiter gehende Hilfestellung anbieten. Wir wollen ihnen zeigen, dass es einen Weg gibt, der wegf\u00fchrt von zerst\u00f6rerischen Abh\u00e4ngigkeiten und erniedrigenden Fremdbestimmungen durch Suchtmittel, [&hellip;]\" \/>\n<meta property=\"og:url\" content=\"https:\/\/totaleoffensive-bvb09.de\/wordpress\/index.php\/sample-page\/\" \/>\n<meta property=\"og:site_name\" content=\"Totale Offensive BVB 09 e.V.\" \/>\n<meta property=\"article:publisher\" content=\"https:\/\/www.facebook.com\/tobvb\" \/>\n<meta property=\"article:modified_time\" content=\"2025-06-20T16:32:49+00:00\" \/>\n<meta property=\"og:image\" content=\"https:\/\/totaleoffensive-bvb09.de\/wordpress\/wp-content\/uploads\/2025\/06\/unterBanner.gif\" \/>\n\t<meta property=\"og:image:width\" content=\"586\" \/>\n\t<meta property=\"og:image:height\" content=\"159\" \/>\n\t<meta property=\"og:image:type\" content=\"image\/gif\" \/>\n<meta name=\"twitter:card\" content=\"summary_large_image\" \/>\n<meta name=\"twitter:site\" content=\"@TO_BVB\" \/>\n<meta name=\"twitter:label1\" content=\"Gesch\u00e4tzte Lesezeit\" \/>\n\t<meta name=\"twitter:data1\" content=\"6\u00a0Minuten\" \/>\n<script type=\"application\/ld+json\" class=\"yoast-schema-graph\">{\"@context\":\"https:\\\/\\\/schema.org\",\"@graph\":[{\"@type\":\"WebPage\",\"@id\":\"https:\\\/\\\/totaleoffensive-bvb09.de\\\/wordpress\\\/index.php\\\/sample-page\\\/\",\"url\":\"https:\\\/\\\/totaleoffensive-bvb09.de\\\/wordpress\\\/index.php\\\/sample-page\\\/\",\"name\":\"Konzept - Totale Offensive BVB 09 e.V.\",\"isPartOf\":{\"@id\":\"https:\\\/\\\/totaleoffensive-bvb09.de\\\/wordpress\\\/#website\"},\"primaryImageOfPage\":{\"@id\":\"https:\\\/\\\/totaleoffensive-bvb09.de\\\/wordpress\\\/index.php\\\/sample-page\\\/#primaryimage\"},\"image\":{\"@id\":\"https:\\\/\\\/totaleoffensive-bvb09.de\\\/wordpress\\\/index.php\\\/sample-page\\\/#primaryimage\"},\"thumbnailUrl\":\"https:\\\/\\\/totaleoffensive-bvb09.de\\\/wordpress\\\/wp-content\\\/uploads\\\/2025\\\/06\\\/unterBanner.gif\",\"datePublished\":\"2025-06-16T20:59:35+00:00\",\"dateModified\":\"2025-06-20T16:32:49+00:00\",\"breadcrumb\":{\"@id\":\"https:\\\/\\\/totaleoffensive-bvb09.de\\\/wordpress\\\/index.php\\\/sample-page\\\/#breadcrumb\"},\"inLanguage\":\"de\",\"potentialAction\":[{\"@type\":\"ReadAction\",\"target\":[\"https:\\\/\\\/totaleoffensive-bvb09.de\\\/wordpress\\\/index.php\\\/sample-page\\\/\"]}]},{\"@type\":\"ImageObject\",\"inLanguage\":\"de\",\"@id\":\"https:\\\/\\\/totaleoffensive-bvb09.de\\\/wordpress\\\/index.php\\\/sample-page\\\/#primaryimage\",\"url\":\"https:\\\/\\\/totaleoffensive-bvb09.de\\\/wordpress\\\/wp-content\\\/uploads\\\/2025\\\/06\\\/unterBanner.gif\",\"contentUrl\":\"https:\\\/\\\/totaleoffensive-bvb09.de\\\/wordpress\\\/wp-content\\\/uploads\\\/2025\\\/06\\\/unterBanner.gif\",\"width\":586,\"height\":159},{\"@type\":\"BreadcrumbList\",\"@id\":\"https:\\\/\\\/totaleoffensive-bvb09.de\\\/wordpress\\\/index.php\\\/sample-page\\\/#breadcrumb\",\"itemListElement\":[{\"@type\":\"ListItem\",\"position\":1,\"name\":\"Startseite\",\"item\":\"https:\\\/\\\/totaleoffensive-bvb09.de\\\/wordpress\\\/\"},{\"@type\":\"ListItem\",\"position\":2,\"name\":\"Konzept\"}]},{\"@type\":\"WebSite\",\"@id\":\"https:\\\/\\\/totaleoffensive-bvb09.de\\\/wordpress\\\/#website\",\"url\":\"https:\\\/\\\/totaleoffensive-bvb09.de\\\/wordpress\\\/\",\"name\":\"Totale Offensive BVB 09 e.V.\",\"description\":\"christlicher Fanclub von Borussia Dortmund, fussball, christlich, fanclub, bvb 09, lebenshilfe, kostenlose \u00dcbertragung der BVB Spiele auf Gro\u00dfleinwand, familiengerecht, kein Alkoholausschank, gemeinsame Ausw\u00e4rtsfahrten\",\"publisher\":{\"@id\":\"https:\\\/\\\/totaleoffensive-bvb09.de\\\/wordpress\\\/#organization\"},\"potentialAction\":[{\"@type\":\"SearchAction\",\"target\":{\"@type\":\"EntryPoint\",\"urlTemplate\":\"https:\\\/\\\/totaleoffensive-bvb09.de\\\/wordpress\\\/?s={search_term_string}\"},\"query-input\":{\"@type\":\"PropertyValueSpecification\",\"valueRequired\":true,\"valueName\":\"search_term_string\"}}],\"inLanguage\":\"de\"},{\"@type\":\"Organization\",\"@id\":\"https:\\\/\\\/totaleoffensive-bvb09.de\\\/wordpress\\\/#organization\",\"name\":\"Totale Offensive BVB 09 e.V.\",\"url\":\"https:\\\/\\\/totaleoffensive-bvb09.de\\\/wordpress\\\/\",\"logo\":{\"@type\":\"ImageObject\",\"inLanguage\":\"de\",\"@id\":\"https:\\\/\\\/totaleoffensive-bvb09.de\\\/wordpress\\\/#\\\/schema\\\/logo\\\/image\\\/\",\"url\":\"https:\\\/\\\/i0.wp.com\\\/totaleoffensive-bvb09.de\\\/wordpress\\\/wp-content\\\/uploads\\\/2025\\\/06\\\/to-dortmund_logoFahne220811klein-1-1-scaled.jpg?fit=2560%2C1920&ssl=1\",\"contentUrl\":\"https:\\\/\\\/i0.wp.com\\\/totaleoffensive-bvb09.de\\\/wordpress\\\/wp-content\\\/uploads\\\/2025\\\/06\\\/to-dortmund_logoFahne220811klein-1-1-scaled.jpg?fit=2560%2C1920&ssl=1\",\"width\":2560,\"height\":1920,\"caption\":\"Totale Offensive BVB 09 e.V.\"},\"image\":{\"@id\":\"https:\\\/\\\/totaleoffensive-bvb09.de\\\/wordpress\\\/#\\\/schema\\\/logo\\\/image\\\/\"},\"sameAs\":[\"https:\\\/\\\/www.facebook.com\\\/tobvb\",\"https:\\\/\\\/x.com\\\/TO_BVB\",\"https:\\\/\\\/www.whatsapp.com\\\/channel\\\/0029VazcYec8V0tmZtS9TP3P\"]}]}<\/script>\n<!-- \/ Yoast SEO plugin. -->","yoast_head_json":{"title":"Konzept - Totale Offensive BVB 09 e.V.","robots":{"index":"index","follow":"follow","max-snippet":"max-snippet:-1","max-image-preview":"max-image-preview:large","max-video-preview":"max-video-preview:-1"},"canonical":"https:\/\/totaleoffensive-bvb09.de\/wordpress\/index.php\/sample-page\/","og_locale":"de_DE","og_type":"article","og_title":"Konzept - Totale Offensive BVB 09 e.V.","og_description":"Konzept des Fan-Clubs Heraus aus dem Abseits Anpfiff zu einem neuen Lebensstil ! Einige Fanclub-Mitglieder sind ehemals Betroffene und k\u00f6nnen Jugendlichen, die Schwierigkeiten im Umgang mit Suchtstoffen haben, eine erste Orientierung und weiter gehende Hilfestellung anbieten. Wir wollen ihnen zeigen, dass es einen Weg gibt, der wegf\u00fchrt von zerst\u00f6rerischen Abh\u00e4ngigkeiten und erniedrigenden Fremdbestimmungen durch Suchtmittel, [&hellip;]","og_url":"https:\/\/totaleoffensive-bvb09.de\/wordpress\/index.php\/sample-page\/","og_site_name":"Totale Offensive BVB 09 e.V.","article_publisher":"https:\/\/www.facebook.com\/tobvb","article_modified_time":"2025-06-20T16:32:49+00:00","og_image":[{"width":586,"height":159,"url":"https:\/\/totaleoffensive-bvb09.de\/wordpress\/wp-content\/uploads\/2025\/06\/unterBanner.gif","type":"image\/gif"}],"twitter_card":"summary_large_image","twitter_site":"@TO_BVB","twitter_misc":{"Gesch\u00e4tzte Lesezeit":"6\u00a0Minuten"},"schema":{"@context":"https:\/\/schema.org","@graph":[{"@type":"WebPage","@id":"https:\/\/totaleoffensive-bvb09.de\/wordpress\/index.php\/sample-page\/","url":"https:\/\/totaleoffensive-bvb09.de\/wordpress\/index.php\/sample-page\/","name":"Konzept - Totale Offensive BVB 09 e.V.","isPartOf":{"@id":"https:\/\/totaleoffensive-bvb09.de\/wordpress\/#website"},"primaryImageOfPage":{"@id":"https:\/\/totaleoffensive-bvb09.de\/wordpress\/index.php\/sample-page\/#primaryimage"},"image":{"@id":"https:\/\/totaleoffensive-bvb09.de\/wordpress\/index.php\/sample-page\/#primaryimage"},"thumbnailUrl":"https:\/\/totaleoffensive-bvb09.de\/wordpress\/wp-content\/uploads\/2025\/06\/unterBanner.gif","datePublished":"2025-06-16T20:59:35+00:00","dateModified":"2025-06-20T16:32:49+00:00","breadcrumb":{"@id":"https:\/\/totaleoffensive-bvb09.de\/wordpress\/index.php\/sample-page\/#breadcrumb"},"inLanguage":"de","potentialAction":[{"@type":"ReadAction","target":["https:\/\/totaleoffensive-bvb09.de\/wordpress\/index.php\/sample-page\/"]}]},{"@type":"ImageObject","inLanguage":"de","@id":"https:\/\/totaleoffensive-bvb09.de\/wordpress\/index.php\/sample-page\/#primaryimage","url":"https:\/\/totaleoffensive-bvb09.de\/wordpress\/wp-content\/uploads\/2025\/06\/unterBanner.gif","contentUrl":"https:\/\/totaleoffensive-bvb09.de\/wordpress\/wp-content\/uploads\/2025\/06\/unterBanner.gif","width":586,"height":159},{"@type":"BreadcrumbList","@id":"https:\/\/totaleoffensive-bvb09.de\/wordpress\/index.php\/sample-page\/#breadcrumb","itemListElement":[{"@type":"ListItem","position":1,"name":"Startseite","item":"https:\/\/totaleoffensive-bvb09.de\/wordpress\/"},{"@type":"ListItem","position":2,"name":"Konzept"}]},{"@type":"WebSite","@id":"https:\/\/totaleoffensive-bvb09.de\/wordpress\/#website","url":"https:\/\/totaleoffensive-bvb09.de\/wordpress\/","name":"Totale Offensive BVB 09 e.V.","description":"christlicher Fanclub von Borussia Dortmund, fussball, christlich, fanclub, bvb 09, lebenshilfe, kostenlose \u00dcbertragung der BVB Spiele auf Gro\u00dfleinwand, familiengerecht, kein Alkoholausschank, gemeinsame Ausw\u00e4rtsfahrten","publisher":{"@id":"https:\/\/totaleoffensive-bvb09.de\/wordpress\/#organization"},"potentialAction":[{"@type":"SearchAction","target":{"@type":"EntryPoint","urlTemplate":"https:\/\/totaleoffensive-bvb09.de\/wordpress\/?s={search_term_string}"},"query-input":{"@type":"PropertyValueSpecification","valueRequired":true,"valueName":"search_term_string"}}],"inLanguage":"de"},{"@type":"Organization","@id":"https:\/\/totaleoffensive-bvb09.de\/wordpress\/#organization","name":"Totale Offensive BVB 09 e.V.","url":"https:\/\/totaleoffensive-bvb09.de\/wordpress\/","logo":{"@type":"ImageObject","inLanguage":"de","@id":"https:\/\/totaleoffensive-bvb09.de\/wordpress\/#\/schema\/logo\/image\/","url":"https:\/\/i0.wp.com\/totaleoffensive-bvb09.de\/wordpress\/wp-content\/uploads\/2025\/06\/to-dortmund_logoFahne220811klein-1-1-scaled.jpg?fit=2560%2C1920&ssl=1","contentUrl":"https:\/\/i0.wp.com\/totaleoffensive-bvb09.de\/wordpress\/wp-content\/uploads\/2025\/06\/to-dortmund_logoFahne220811klein-1-1-scaled.jpg?fit=2560%2C1920&ssl=1","width":2560,"height":1920,"caption":"Totale Offensive BVB 09 e.V."},"image":{"@id":"https:\/\/totaleoffensive-bvb09.de\/wordpress\/#\/schema\/logo\/image\/"},"sameAs":["https:\/\/www.facebook.com\/tobvb","https:\/\/x.com\/TO_BVB","https:\/\/www.whatsapp.com\/channel\/0029VazcYec8V0tmZtS9TP3P"]}]}},"jetpack_sharing_enabled":true,"_links":{"self":[{"href":"https:\/\/totaleoffensive-bvb09.de\/wordpress\/index.php\/wp-json\/wp\/v2\/pages\/2","targetHints":{"allow":["GET"]}}],"collection":[{"href":"https:\/\/totaleoffensive-bvb09.de\/wordpress\/index.php\/wp-json\/wp\/v2\/pages"}],"about":[{"href":"https:\/\/totaleoffensive-bvb09.de\/wordpress\/index.php\/wp-json\/wp\/v2\/types\/page"}],"author":[{"embeddable":true,"href":"https:\/\/totaleoffensive-bvb09.de\/wordpress\/index.php\/wp-json\/wp\/v2\/users\/1"}],"replies":[{"embeddable":true,"href":"https:\/\/totaleoffensive-bvb09.de\/wordpress\/index.php\/wp-json\/wp\/v2\/comments?post=2"}],"version-history":[{"count":10,"href":"https:\/\/totaleoffensive-bvb09.de\/wordpress\/index.php\/wp-json\/wp\/v2\/pages\/2\/revisions"}],"predecessor-version":[{"id":126,"href":"https:\/\/totaleoffensive-bvb09.de\/wordpress\/index.php\/wp-json\/wp\/v2\/pages\/2\/revisions\/126"}],"wp:featuredmedia":[{"embeddable":true,"href":"https:\/\/totaleoffensive-bvb09.de\/wordpress\/index.php\/wp-json\/wp\/v2\/media\/55"}],"wp:attachment":[{"href":"https:\/\/totaleoffensive-bvb09.de\/wordpress\/index.php\/wp-json\/wp\/v2\/media?parent=2"}],"curies":[{"name":"wp","href":"https:\/\/api.w.org\/{rel}","templated":true}]}}